{"id":10,"date":"2011-11-22T16:57:20","date_gmt":"2011-11-22T16:57:20","guid":{"rendered":"http:\/\/www.rgvflessografia.it\/?page_id=10"},"modified":"2012-04-13T18:01:45","modified_gmt":"2012-04-13T18:01:45","slug":"contatti","status":"publish","type":"page","link":"https:\/\/www.rgvflessografia.it\/?page_id=10","title":{"rendered":"Prodotti e Servizi"},"content":{"rendered":"<p style=\"text-align: justify;\"><strong><!--more-->Ritiro &#8211; Consegna :<\/strong><\/p>\n<p style=\"text-align: justify;\">Tramite i nostri agenti \u00e8 possibile, organizzando un calendario settimanale, stabilire orari di ritiri e consegne pi\u00f9 idonei alle vostre necessit\u00e0, naturalmente in relazione ai tempi di produzione. Chiamando al centralino sar\u00e0 fissato un appuntamento con la persona pi\u00f9 idonea alla vostra zona ed alle vostre esigenze.<br \/>\n<strong><br \/>\n<a title=\"Studio Grafico\" href=\"http:\/\/www.rgvflessografia.it\/?page_id=44\"> Studio Grafico :<\/a><\/strong><\/p>\n<ul>\n<li style=\"text-align: left;\">Consulenza grafica;<\/li>\n<li style=\"text-align: left;\"><span style=\"text-align: justify;\">Analisi e sviluppo progetti;<\/span><\/li>\n<li style=\"text-align: left;\"><span style=\"text-align: justify;\">Selezioni cromatiche;<\/span><\/li>\n<li style=\"text-align: left;\"><span style=\"text-align: justify;\">Invio Pdf o file di qualsiasi dimensione e tipo per controllo e visione,<\/span><\/li>\n<li style=\"text-align: left;\"><span style=\"text-align: justify;\">Prove colore certificate con simulazione del punto su diversi supporti: carta lucida, carta opaca, film trasparente con stampa del bianco per simulazione della stampa interna ed esterna, su fogli di alluminio.<\/span><\/li>\n<li style=\"text-align: left;\"><span style=\"text-align: justify;\">Bozze stampa dal piccolo al grande formato;<\/span><\/li>\n<li style=\"text-align: left;\"><span style=\"text-align: justify;\">Cromalin;<\/span><\/li>\n<li style=\"text-align: left;\"><span style=\"text-align: justify;\">Pellicole positive e negative;<\/span><\/li>\n<li style=\"text-align: left;\"><span style=\"text-align: justify;\">Archiviazione e gestione file cliente.<\/span><\/li>\n<\/ul>\n<p style=\"text-align: justify;\"><strong><a title=\"Fotopolimeri Analogici e Digitali\" href=\"http:\/\/www.rgvflessografia.it\/?page_id=48\">Fotopolimeri Analogici :<\/a><\/strong><\/p>\n<p style=\"text-align: justify;\">Con l\u2019impiego di due linee complete di produzione di clich\u00e8s siamo in grado di affrontare non solo ritmi di lavoro sostenuti, ma anche di accontentare tutta quella clientela che per necessit\u00e0, ha bisogno di un servizio d\u2019urgenza quasi costante.<\/p>\n<p style=\"text-align: justify;\"><strong><a title=\"Fotopolimeri Analogici e Digitali\" href=\"http:\/\/www.rgvflessografia.it\/?page_id=48\">Fotopolimeri Digitali :<\/a><\/strong><\/p>\n<p style=\"text-align: justify;\">Alla vecchia produzione tradizionale, si affianca gi\u00e0 da qualche anno un CTP con risoluzione e qualit\u00e0 avanzate che, proprio grazie alle sue funzionalit\u00e0 e l\u2019utilizzo di software per la pre-stampa, oltre a conferire migliorie in termini di definizione dei grafismi e annessi pregi, (eliminando il tavolo luminoso ed i lucidi come unica fonte di riscontro), rende pi\u00f9 completo e semplice il confronto tra l\u2019 incisione e la prova colore o file approvato.<\/p>\n<p style=\"text-align: justify;\"><strong><a title=\"Fotopolimeri all\u2019acqua\" href=\"http:\/\/www.rgvflessografia.it\/?page_id=52\">Fotopolimeri all&#8217;acqua :<\/a><\/strong><\/p>\n<p style=\"text-align: justify;\">Grazie ad un vasto assortimento di spessori e di tipologie di materiali, siamo in grado di rifornire sia chi utilizza questi prodotti per la stampa di etichette o scotch, sia chi li impiega nella stampa tipografica grazie alla base in acciaio.<\/p>\n<p style=\"text-align: justify;\"><strong><a title=\"Clich\u00e9s in magnesio\" href=\"http:\/\/www.rgvflessografia.it\/?page_id=54\">Clich\u00e8s in magnesio :<\/a><\/strong><\/p>\n<p style=\"text-align: justify;\">Grazie ad un moderno e sofisticato impianto d\u2019automatismo tra cicli e scarti della produzione, garantiamo standard qualitativi elevati mantenendo costanti i valori della lavorazione.<\/p>\n<p style=\"text-align: justify;\"><strong><a title=\"Gomme fusione\" href=\"http:\/\/www.rgvflessografia.it\/?page_id=56\">Gomme fusione :<\/a><\/strong><\/p>\n<p style=\"text-align: justify;\">Nonostante siano passati pi\u00f9 di 40 anni dalle prime, ancora oggi per certe tipologie di stampa, sono preferite le qualit\u00e0 della gomma vulcanizzata a quelle del fotopolimero.<\/p>\n<p style=\"text-align: justify;\"><strong><a title=\"Premontaggi\" href=\"http:\/\/www.rgvflessografia.it\/?page_id=58\">Premontaggi :<\/a><\/strong><\/p>\n<p style=\"text-align: justify;\">Con l\u2019ausilio di due montaclich\u00e8s elettronici siamo in grado di servire qualsiasi tipologia di clientela fornendo un servizio completo a 360 \u00b0.<\/p>\n<p style=\"text-align: justify;\">\n","protected":false},"excerpt":{"rendered":"","protected":false},"author":1,"featured_media":0,"parent":0,"menu_order":1,"comment_status":"open","ping_status":"open","template":"page-full.php","meta":{"footnotes":""},"class_list":["post-10","page","type-page","status-publish","hentry"],"_links":{"self":[{"href":"https:\/\/www.rgvflessografia.it\/index.php?rest_route=\/wp\/v2\/pages\/10"}],"collection":[{"href":"https:\/\/www.rgvflessografia.it\/index.php?rest_route=\/wp\/v2\/pages"}],"about":[{"href":"https:\/\/www.rgvflessografia.it\/index.php?rest_route=\/wp\/v2\/types\/page"}],"author":[{"embeddable":true,"href":"https:\/\/www.rgvflessografia.it\/index.php?rest_route=\/wp\/v2\/users\/1"}],"replies":[{"embeddable":true,"href":"https:\/\/www.rgvflessografia.it\/index.php?rest_route=%2Fwp%2Fv2%2Fcomments&post=10"}],"version-history":[{"count":19,"href":"https:\/\/www.rgvflessografia.it\/index.php?rest_route=\/wp\/v2\/pages\/10\/revisions"}],"predecessor-version":[{"id":347,"href":"https:\/\/www.rgvflessografia.it\/index.php?rest_route=\/wp\/v2\/pages\/10\/revisions\/347"}],"wp:attachment":[{"href":"https:\/\/www.rgvflessografia.it\/index.php?rest_route=%2Fwp%2Fv2%2Fmedia&parent=10"}],"curies":[{"name":"wp","href":"https:\/\/api.w.org\/{rel}","templated":true}]}}