{"id":46,"date":"2011-11-22T18:16:39","date_gmt":"2011-11-22T18:16:39","guid":{"rendered":"http:\/\/www.rgvflessografia.it\/?page_id=46"},"modified":"2011-12-06T14:24:10","modified_gmt":"2011-12-06T14:24:10","slug":"analisi-e-sviluppo","status":"publish","type":"page","link":"https:\/\/www.rgvflessografia.it\/?page_id=46","title":{"rendered":"Analisi e Sviluppo"},"content":{"rendered":"<h2 style=\"text-align: center;\"><strong><span style=\"color: #0000ff;\"><!--more-->LA NOSTRA FORZA E&#8217; IL VOSTRO RISULTATO<\/span><\/strong><\/h2>\n<p style=\"text-align: justify;\">Per ottenere ottimi risultati, rendere la produzione pi\u00f9 scorrevole e performante, \u00e8 attivo da qualche anno il servizio \u201cPersonal Test\u201d. Avvalendoci della collaborazione dei migliori produttori di fotopolimeri e basandoci su criteri di osservazione dettati da pi\u00f9 di 50 anni di esperienza nel settore, siamo in grado di garantire ai nostri clienti risultati soddisfacenti nell\u2019immediatezza. L\u2019utilizzo di strumenti e programmi appositamente creati per lo sviluppo e l\u2019analisi dei dati forniti dai vari processi di test e diametri colore fanno si che i risultati da prima solo ipotizzati in fase di pre-stampa, trovino concreti riscontri su prove colore certificate rispecchiando i risultati finali ottenuti dalla produzione.<\/p>\n<p style=\"text-align: justify;\"><strong>COSA SERVE PER INIZIARE UN ANALISI PERSONALIZZATA?<\/strong><\/p>\n<p style=\"text-align: justify;\">&#8211; Marca e tipologia dei colori utilizzati<br \/>\n&#8211; Tipologia e campioni di substrati impiegati<br \/>\n&#8211; Caratteristiche tecniche delle macchine da stampa<br \/>\n&#8211; Modelli, produttori e caratteristiche di cilindri in possesso<br \/>\n&#8211; Modalit\u00e0 di produzione adottate<br \/>\n&#8211; Stampa di varie fasi di test per completare lo studio dei vari risultati ottenuti dall\u2019elaborazione nella nostra sede con campioni di prova per l\u2019analisi finale.<\/p>\n<p style=\"text-align: justify;\"><strong>RISULTATI OTTENUTI A FINE PROCESSO?<\/strong><\/p>\n<p style=\"text-align: justify;\">&#8211; Profili colore personalizzati in grado di simulare e creare stampe reali su supporti cartacei, film trasparenti o metallizzati per definire eventuali miglioramenti in fase di prestampa o solo per conferma del cliente finale<br \/>\n&#8211; Avviamenti macchina pi\u00f9 rapidi e mirati ad un raggiungimento di lavorazione standard<br \/>\n&#8211; Migliori risultati grazie all\u2019abbattimento dei limiti, difetti o disfunzioni in fase di stampa<br \/>\n&#8211; Resa al meglio delle proprie linee di produzione abbattendo costi e tempi e sprechi di gestione.<\/p>\n<p style=\"text-align: justify;\"><strong>COSA GUADAGNA LA NOSTRA AZIENDA DA QUESTO SERVIZIO GRATUITO?<\/strong><\/p>\n<p style=\"text-align: justify;\">&#8211; La fiducia di una collaborazione reciproca e duratura finalizzata all\u2019interesse comune di ottimizzare la nostra e la vostra produzione per essere sempre competitivi, flessibili e all\u2019avanguardia sul mercato<br \/>\n&#8211; La consapevolezza che nel nostro settore la pubblicit\u00e0 migliore che si possa ottenere \u00e8 la piena soddisfazione del cliente nel ricevere un ottimo prodotto con la serenit\u00e0 di chi ha acquistato al meglio.<\/p>\n","protected":false},"excerpt":{"rendered":"","protected":false},"author":1,"featured_media":0,"parent":44,"menu_order":0,"comment_status":"open","ping_status":"open","template":"page-full.php","meta":{"footnotes":""},"class_list":["post-46","page","type-page","status-publish","hentry"],"_links":{"self":[{"href":"https:\/\/www.rgvflessografia.it\/index.php?rest_route=\/wp\/v2\/pages\/46"}],"collection":[{"href":"https:\/\/www.rgvflessografia.it\/index.php?rest_route=\/wp\/v2\/pages"}],"about":[{"href":"https:\/\/www.rgvflessografia.it\/index.php?rest_route=\/wp\/v2\/types\/page"}],"author":[{"embeddable":true,"href":"https:\/\/www.rgvflessografia.it\/index.php?rest_route=\/wp\/v2\/users\/1"}],"replies":[{"embeddable":true,"href":"https:\/\/www.rgvflessografia.it\/index.php?rest_route=%2Fwp%2Fv2%2Fcomments&post=46"}],"version-history":[{"count":9,"href":"https:\/\/www.rgvflessografia.it\/index.php?rest_route=\/wp\/v2\/pages\/46\/revisions"}],"predecessor-version":[{"id":117,"href":"https:\/\/www.rgvflessografia.it\/index.php?rest_route=\/wp\/v2\/pages\/46\/revisions\/117"}],"up":[{"embeddable":true,"href":"https:\/\/www.rgvflessografia.it\/index.php?rest_route=\/wp\/v2\/pages\/44"}],"wp:attachment":[{"href":"https:\/\/www.rgvflessografia.it\/index.php?rest_route=%2Fwp%2Fv2%2Fmedia&parent=46"}],"curies":[{"name":"wp","href":"https:\/\/api.w.org\/{rel}","templated":true}]}}