{"id":48,"date":"2011-11-22T18:17:16","date_gmt":"2011-11-22T18:17:16","guid":{"rendered":"http:\/\/www.rgvflessografia.it\/?page_id=48"},"modified":"2012-04-14T12:38:40","modified_gmt":"2012-04-14T12:38:40","slug":"fotopolimeri-analogici-e-digitali","status":"publish","type":"page","link":"https:\/\/www.rgvflessografia.it\/?page_id=48","title":{"rendered":"Fotopolimeri Analogici e Digitali"},"content":{"rendered":"<div class='one_half'>\n\t\t\t\t\t<strong>Fotopolimeri Analogici:<\/strong><\/p>\n<p style=\"text-align: justify;\">Con l\u2019impiego di due linee complete di produzione di clich\u00e8s siamo in grado di affrontare non solo ritmi di lavoro sostenuti ma anche di accontentare tutta quella clientela che, per necessit\u00e0, ha bisogno di un servizio d\u2019urgenza quasi costante.<\/p>\n<p><strong>Fotopolimeri Digitali:<\/strong><\/p>\n<p style=\"text-align: justify;\">Alla vecchia produzione tradizionale si affianca, gi\u00e0 da qualche anno, un CTP con risoluzione e qualit\u00e0 avanzate, che proprio grazie alle sue funzionalit\u00e0 e all\u2019utilizzo di software per la pre-stampa, oltre a conferire migliorie in termini di definizione dei grafismi e annessi pregi, (eliminando il tavolo luminoso ed i lucidi come unica fonte di riscontro) rende pi\u00f9 completo e semplice il confronto tra l\u2019 incisione e la prova colore o file approvato.<\/p>\n<p style=\"text-align: justify;\">Trattiamo per ogni spessore di fotopolimero diverse marche e molteplici tipologie di prodotti adatti ai pi\u00f9 svariati tipi di supporti come carta, cartone, plastica, alluminio, legno e molti altri ancora, con caratteristiche diverse e idonee alle esigenze di ogni singola stampa.<\/p>\n<p><strong>Spessori disponibili:<\/strong><\/p>\n<ul>\n<li>1,14 mm<\/li>\n<li>1,70 mm<\/li>\n<li>2,54 mm<\/li>\n<li>2,84 mm<\/li>\n<li>3,94 mm<\/li>\n<li>5,00 mm<\/li>\n<li>5,50 mm<\/li>\n<li>5,75 mm<\/li>\n<li>6,30 mm<\/li>\n<li>8,00 mm<\/li>\n<\/ul>\n<p><img loading=\"lazy\" decoding=\"async\" class=\"alignnone size-full wp-image-130\" title=\"imm3\" src=\"http:\/\/www.rgvflessografia.it\/wp-content\/uploads\/2011\/11\/imm3.jpg\" alt=\"\" width=\"418\" height=\"300\" \/>\n\t\t\t\t<\/div>\n<div class='one_half last'>\n\t\t\t\t\t<img loading=\"lazy\" decoding=\"async\" class=\"alignnone size-full wp-image-128\" title=\"imm1\" src=\"http:\/\/www.rgvflessografia.it\/wp-content\/uploads\/2011\/11\/imm1.jpg\" alt=\"\" width=\"418\" height=\"300\" \/>\u00a0<img loading=\"lazy\" decoding=\"async\" class=\"alignnone size-full wp-image-129\" title=\"imm2\" src=\"http:\/\/www.rgvflessografia.it\/wp-content\/uploads\/2011\/11\/imm2.jpg\" alt=\"\" width=\"418\" height=\"300\" \/>\u00a0<img loading=\"lazy\" decoding=\"async\" class=\"alignnone size-full wp-image-131\" title=\"imm4\" src=\"http:\/\/www.rgvflessografia.it\/wp-content\/uploads\/2011\/11\/imm4.jpg\" alt=\"\" width=\"418\" height=\"300\" \/>\n\t\t\t\t<\/div><div class='clear'><\/div>\n","protected":false},"excerpt":{"rendered":"","protected":false},"author":1,"featured_media":0,"parent":10,"menu_order":2,"comment_status":"open","ping_status":"open","template":"page-full.php","meta":{"footnotes":""},"class_list":["post-48","page","type-page","status-publish","hentry"],"_links":{"self":[{"href":"https:\/\/www.rgvflessografia.it\/index.php?rest_route=\/wp\/v2\/pages\/48"}],"collection":[{"href":"https:\/\/www.rgvflessografia.it\/index.php?rest_route=\/wp\/v2\/pages"}],"about":[{"href":"https:\/\/www.rgvflessografia.it\/index.php?rest_route=\/wp\/v2\/types\/page"}],"author":[{"embeddable":true,"href":"https:\/\/www.rgvflessografia.it\/index.php?rest_route=\/wp\/v2\/users\/1"}],"replies":[{"embeddable":true,"href":"https:\/\/www.rgvflessografia.it\/index.php?rest_route=%2Fwp%2Fv2%2Fcomments&post=48"}],"version-history":[{"count":22,"href":"https:\/\/www.rgvflessografia.it\/index.php?rest_route=\/wp\/v2\/pages\/48\/revisions"}],"predecessor-version":[{"id":350,"href":"https:\/\/www.rgvflessografia.it\/index.php?rest_route=\/wp\/v2\/pages\/48\/revisions\/350"}],"up":[{"embeddable":true,"href":"https:\/\/www.rgvflessografia.it\/index.php?rest_route=\/wp\/v2\/pages\/10"}],"wp:attachment":[{"href":"https:\/\/www.rgvflessografia.it\/index.php?rest_route=%2Fwp%2Fv2%2Fmedia&parent=48"}],"curies":[{"name":"wp","href":"https:\/\/api.w.org\/{rel}","templated":true}]}}