{"id":54,"date":"2011-11-22T18:19:05","date_gmt":"2011-11-22T18:19:05","guid":{"rendered":"http:\/\/www.rgvflessografia.it\/?page_id=54"},"modified":"2012-04-14T12:40:20","modified_gmt":"2012-04-14T12:40:20","slug":"cliches-in-magnesio","status":"publish","type":"page","link":"https:\/\/www.rgvflessografia.it\/?page_id=54","title":{"rendered":"Clich\u00e9s in magnesio"},"content":{"rendered":"<h2 style=\"text-align: center;\"><strong><!--more-->MATRICI IN MAGNESIO PER STAMPA A CALDO, A SECCO E PER RILIEVO<\/strong><\/h2>\n<div class='one_half'>\n\t\t\t\t\t<p style=\"text-align: justify;\">Nel 1960 \u00e8 iniziata la nostra esperienza con l\u2019incisione del magnesio. Da allora ad oggi la passione e la voglia di fornire un risultato sempre migliore ed in tempi contenuti, oltre a restare vivo nei nostri pensieri, ha trovato riscontro con le nuove tecnologie. Nel dicembre 2010, infatti, proprio per soddisfare le continue richieste dei clienti di un prodotto sempre all\u2018avanguardia, \u00e8 stata installata una seconda postazione di incisione, questa per\u00f2, oltre ad avere pregi in termini di tempistica, combina precisione e costanza nelle fasi di lavorazioni meccaniche mantenendo standard qualitativi elevati dalla prima all\u2019ultima lasta. Grazie ad un frigo che mantiene la temperatura di lavorazione stabile ed ai continui ricicli dell\u2019acido riusciamo a fornire incisioni con spalla e profondit\u00e0 del rilievo variabili a seconda della necessit\u00e0 dei vari clienti. Proprio tenedo in considerazione le svariate possibilit\u00e0 di utilizzo dei nostri punzoni \u00e8 attivo un servizio di <strong>taglio personalizzato <\/strong>in base alle preferenze di stampa seguendo tracciati stabiliti od inviati volta per volta sotto forma di file. Oltre al <strong>taglio classico <\/strong>in squadra e quello <strong>angolato, <\/strong>\u00e8 possibile richiedere varie <strong>sfasature <\/strong>o <strong>fori <\/strong>per la rapidit\u00e0 dell\u2019attacco in macchina. Disponiamo inoltre di una sviluppatrice in grado di generare positivi e negativi sulla base di vostri ordini ricevuti via mail o di nostra creazione attraverso vostre direttive rielaborate dall\u2019ufficio grafico.<\/p>\n<p style=\"text-align: left;\"><strong>Spessore Clich\u00e8s :<\/strong><\/p>\n<ul>\n<li style=\"text-align: left;\"><strong>1, 00 mm<\/strong><\/li>\n<li style=\"text-align: left;\"><strong>1, 75 mm<\/strong><\/li>\n<li style=\"text-align: left;\"><strong>3, 00 mm<\/strong><\/li>\n<li style=\"text-align: left;\"><strong>4,00 mm<\/strong><\/li>\n<li style=\"text-align: left;\"><strong>5, 00 mm<\/strong><\/li>\n<li style=\"text-align: left;\"><strong>7, 00 mm<\/strong><\/li>\n<\/ul>\n<p style=\"text-align: justify;\"><span style=\"color: #0000ff;\"><em><strong>Novit\u00e0:<\/strong>\n<\/em><\/span><em><span style=\"color: #0000ff;\">Con i nuovi fotopolimeri a base acciaio, ( sviluppati all\u2019acqua ), \u00e8 possibile creare contromatrici in sostituzione al magnesio da 1,00 &#8211; 1,75 mm riducendo i tempi, migliorando la qualit\u00e0 ( non strappa la carta ) e rispettando l\u2019ambiente<\/span>.<\/em>\n\t\t\t\t<\/div>\n<div class='one_half last'>\n\t\t\t\t\t<a href=\"http:\/\/www.rgvflessografia.it\/?attachment_id=219\" rel=\"attachment wp-att-219\"><img loading=\"lazy\" decoding=\"async\" class=\"alignnone size-full wp-image-219\" title=\"matricemagnesio1\" src=\"http:\/\/www.rgvflessografia.it\/wp-content\/uploads\/2011\/11\/matricemagnesio1.jpg\" alt=\"\" width=\"418\" height=\"250\" \/><\/a>\u00a0<a href=\"http:\/\/www.rgvflessografia.it\/?attachment_id=220\" rel=\"attachment wp-att-220\"><img loading=\"lazy\" decoding=\"async\" class=\"alignnone size-full wp-image-220\" title=\"matricemagnesio2\" src=\"http:\/\/www.rgvflessografia.it\/wp-content\/uploads\/2011\/11\/matricemagnesio2.jpg\" alt=\"\" width=\"418\" height=\"250\" \/><\/a>\u00a0<a href=\"http:\/\/www.rgvflessografia.it\/?attachment_id=221\" rel=\"attachment wp-att-221\"><img loading=\"lazy\" decoding=\"async\" class=\"alignnone size-full wp-image-221\" title=\"matricemagnesio3\" src=\"http:\/\/www.rgvflessografia.it\/wp-content\/uploads\/2011\/11\/matricemagnesio3.jpg\" alt=\"\" width=\"418\" height=\"250\" \/><\/a>\u00a0<a href=\"http:\/\/www.rgvflessografia.it\/?attachment_id=222\" rel=\"attachment wp-att-222\"><img loading=\"lazy\" decoding=\"async\" class=\"alignnone size-full wp-image-222\" title=\"matricemagnesio4\" src=\"http:\/\/www.rgvflessografia.it\/wp-content\/uploads\/2011\/11\/matricemagnesio4.jpg\" alt=\"\" width=\"418\" height=\"250\" \/><\/a>\n\t\t\t\t<\/div><div class='clear'><\/div>\n","protected":false},"excerpt":{"rendered":"","protected":false},"author":1,"featured_media":0,"parent":10,"menu_order":4,"comment_status":"open","ping_status":"open","template":"page-full.php","meta":{"footnotes":""},"class_list":["post-54","page","type-page","status-publish","hentry"],"_links":{"self":[{"href":"https:\/\/www.rgvflessografia.it\/index.php?rest_route=\/wp\/v2\/pages\/54"}],"collection":[{"href":"https:\/\/www.rgvflessografia.it\/index.php?rest_route=\/wp\/v2\/pages"}],"about":[{"href":"https:\/\/www.rgvflessografia.it\/index.php?rest_route=\/wp\/v2\/types\/page"}],"author":[{"embeddable":true,"href":"https:\/\/www.rgvflessografia.it\/index.php?rest_route=\/wp\/v2\/users\/1"}],"replies":[{"embeddable":true,"href":"https:\/\/www.rgvflessografia.it\/index.php?rest_route=%2Fwp%2Fv2%2Fcomments&post=54"}],"version-history":[{"count":43,"href":"https:\/\/www.rgvflessografia.it\/index.php?rest_route=\/wp\/v2\/pages\/54\/revisions"}],"predecessor-version":[{"id":352,"href":"https:\/\/www.rgvflessografia.it\/index.php?rest_route=\/wp\/v2\/pages\/54\/revisions\/352"}],"up":[{"embeddable":true,"href":"https:\/\/www.rgvflessografia.it\/index.php?rest_route=\/wp\/v2\/pages\/10"}],"wp:attachment":[{"href":"https:\/\/www.rgvflessografia.it\/index.php?rest_route=%2Fwp%2Fv2%2Fmedia&parent=54"}],"curies":[{"name":"wp","href":"https:\/\/api.w.org\/{rel}","templated":true}]}}